{"id":3,"date":"2026-04-03T20:42:20","date_gmt":"2026-04-03T20:42:20","guid":{"rendered":"https:\/\/sweet-hopper.37-27-105-79.plesk.page\/?page_id=3"},"modified":"2026-04-05T23:37:02","modified_gmt":"2026-04-05T23:37:02","slug":"chinh-sach-cookie","status":"publish","type":"page","link":"https:\/\/prosica.de\/vi\/cookie-policy\/","title":{"rendered":"Ch\u00ednh s\u00e1ch v\u1ec1 cookie"},"content":{"rendered":"<div data-elementor-type=\"wp-page\" data-elementor-id=\"3\" class=\"elementor elementor-3\">\n\t\t\t\t<div class=\"elementor-element elementor-element-5e82a21b e-flex e-con-boxed e-con e-parent\" data-id=\"5e82a21b\" data-element_type=\"container\" data-e-type=\"container\">\n\t\t\t\t\t<div class=\"e-con-inner\">\n\t\t\t\t<div class=\"elementor-element elementor-element-4efd1253 elementor-widget elementor-widget-text-editor\" data-id=\"4efd1253\" data-element_type=\"widget\" data-e-type=\"widget\" data-widget_type=\"text-editor.default\">\n\t\t\t\t\t\t\t\t\t<p>Prosica GmbH C\u1eadp nh\u1eadt l\u1ea7n cu\u1ed1i: 26\/11\/2025<\/p>\n<p><!-- \/wp:paragraph --><!-- wp:heading --><\/p>\n<h2 class=\"wp-block-heading\"><strong>1. Gi\u1edbi thi\u1ec7u<\/strong><\/h2>\n<p><!-- \/wp:heading --><!-- wp:paragraph --><\/p>\n<p>Prosica GmbH (\u201cProsica\u201d, \u201cch\u00fang t\u00f4i\u201d, \u201cc\u1ee7a ch\u00fang t\u00f4i\u201d) s\u1eed d\u1ee5ng cookie v\u00e0 c\u00e1c c\u00f4ng ngh\u1ec7 t\u01b0\u01a1ng t\u1ef1 \u0111\u1ec3 n\u00e2ng cao tr\u1ea3i nghi\u1ec7m ng\u01b0\u1eddi d\u00f9ng tr\u00ean trang web c\u1ee7a ch\u00fang t\u00f4i v\u00e0 c\u1ea3i thi\u1ec7n ch\u1ea5t l\u01b0\u1ee3ng d\u1ecbch v\u1ee5. Ch\u00ednh s\u00e1ch Cookie n\u00e0y gi\u1ea3i th\u00edch cookie l\u00e0 g\u00ec, c\u00e1ch ch\u00fang t\u00f4i s\u1eed d\u1ee5ng ch\u00fang, c\u0169ng nh\u01b0 c\u00e1c t\u00f9y ch\u1ecdn c\u1ee7a b\u1ea1n li\u00ean quan \u0111\u1ebfn cookie.<\/p>\n<p><!-- \/wp:paragraph --><!-- wp:paragraph --><\/p>\n<p>B\u1eb1ng vi\u1ec7c s\u1eed d\u1ee5ng trang web c\u1ee7a ch\u00fang t\u00f4i, b\u1ea1n \u0111\u1ed3ng \u00fd cho ph\u00e9p ch\u00fang t\u00f4i s\u1eed d\u1ee5ng cookie theo m\u00f4 t\u1ea3 trong ch\u00ednh s\u00e1ch n\u00e0y, tr\u1eeb khi b\u1ea1n \u0111\u00e3 ch\u1ecdn kh\u00f4ng nh\u1eadn cookie kh\u00f4ng thi\u1ebft y\u1ebfu.<\/p>\n<p><!-- \/wp:paragraph --><!-- wp:paragraph --><\/p>\n<p><strong>B\u1ed9 \u0111i\u1ec1u khi\u1ec3n<\/strong><strong><br><\/strong>Prosica GmbH<br>Paulsborner Str. 50a<br>14193 Berlin, \u0110\u1ee9c<br>\u0110\u0103ng k\u00fd th\u01b0\u01a1ng m\u1ea1i: HRB 280845 B<br>Gi\u00e1m \u0111\u1ed1c \u0111i\u1ec1u h\u00e0nh: Lilian Pilvin<br>Email: info@prosica.de<\/p>\n<p><!-- \/wp:paragraph --><!-- wp:heading --><\/p>\n<h2 class=\"wp-block-heading\"><strong>2. Cookie l\u00e0 g\u00ec?<\/strong><\/h2>\n<p><!-- \/wp:heading --><!-- wp:paragraph --><\/p>\n<p>Cookie l\u00e0 nh\u1eefng t\u1ec7p v\u0103n b\u1ea3n nh\u1ecf \u0111\u01b0\u1ee3c l\u01b0u tr\u1eef tr\u00ean thi\u1ebft b\u1ecb c\u1ee7a b\u1ea1n (m\u00e1y t\u00ednh, \u0111i\u1ec7n tho\u1ea1i th\u00f4ng minh, m\u00e1y t\u00ednh b\u1ea3ng) khi b\u1ea1n truy c\u1eadp m\u1ed9t trang web. Cookie cho ph\u00e9p trang web nh\u1eadn di\u1ec7n thi\u1ebft b\u1ecb c\u1ee7a b\u1ea1n v\u00e0 ghi nh\u1edb m\u1ed9t s\u1ed1 th\u00f4ng tin nh\u1ea5t \u0111\u1ecbnh (v\u00ed d\u1ee5: t\u00f9y ch\u1ecdn, th\u00f4ng tin \u0111\u0103ng nh\u1eadp ho\u1eb7c c\u00e1c m\u1eb7t h\u00e0ng trong gi\u1ecf h\u00e0ng) trong su\u1ed1t phi\u00ean truy c\u1eadp c\u1ee7a b\u1ea1n ho\u1eb7c cho c\u00e1c l\u1ea7n truy c\u1eadp sau n\u00e0y.<\/p>\n<p><!-- \/wp:paragraph --><!-- wp:paragraph --><\/p>\n<p>B\u00e1nh quy c\u00f3 th\u1ec3 \u0111\u01b0\u1ee3c&nbsp;<strong>cookie c\u1ee7a b\u00ean th\u1ee9 nh\u1ea5t<\/strong>&nbsp;(\u0111\u1eb7t b\u1edfi trang web b\u1ea1n \u0111ang truy c\u1eadp) ho\u1eb7c&nbsp;<strong>cookie c\u1ee7a b\u00ean th\u1ee9 ba<\/strong>&nbsp;(do c\u00e1c trang web ho\u1eb7c d\u1ecbch v\u1ee5 kh\u00e1c \u0111\u1eb7t).<\/p>\n<p><!-- \/wp:paragraph --><!-- wp:heading --><\/p>\n<h2 class=\"wp-block-heading\"><strong>3. C\u00e1c lo\u1ea1i Cookie ch\u00fang t\u00f4i s\u1eed d\u1ee5ng<\/strong><\/h2>\n<p><!-- \/wp:heading --><!-- wp:heading {\"level\":3} --><\/p>\n<h3 class=\"wp-block-heading\"><strong>3.1. Cookie c\u1ea7n thi\u1ebft<\/strong><\/h3>\n<p><!-- \/wp:heading --><!-- wp:paragraph --><\/p>\n<p>Nh\u1eefng cookie n\u00e0y r\u1ea5t c\u1ea7n thi\u1ebft cho ho\u1ea1t \u0111\u1ed9ng c\u1ee7a trang web c\u1ee7a ch\u00fang t\u00f4i v\u00e0 cho ph\u00e9p c\u00e1c ch\u1ee9c n\u0103ng c\u01a1 b\u1ea3n nh\u01b0 \u0111i\u1ec1u h\u01b0\u1edbng trang v\u00e0 truy c\u1eadp v\u00e0o c\u00e1c khu v\u1ef1c an to\u00e0n. N\u1ebfu kh\u00f4ng c\u00f3 nh\u1eefng cookie n\u00e0y, m\u1ed9t s\u1ed1 d\u1ecbch v\u1ee5 kh\u00f4ng th\u1ec3 \u0111\u01b0\u1ee3c cung c\u1ea5p.<\/p>\n<p><!-- \/wp:paragraph --><!-- wp:list --><\/p>\n<ul class=\"wp-block-list\">\n<li style=\"list-style-type: none;\">\n<ul class=\"wp-block-list\"><!-- wp:list-item --><\/ul>\n<\/li>\n<\/ul>\n<ul class=\"wp-block-list\">\n<li style=\"list-style-type: none;\">\n<ul class=\"wp-block-list\">\n<li><strong>V\u00ed d\u1ee5:<\/strong>&nbsp;Cookie phi\u00ean, cookie x\u00e1c th\u1ef1c<\/li>\n<\/ul>\n<\/li>\n<\/ul>\n<p><!-- \/wp:list-item --><\/p>\n<p><!-- \/wp:list --><!-- wp:heading {\"level\":3} --><\/p>\n<h3 class=\"wp-block-heading\"><strong>3.2. Cookie<\/strong><\/h3>\n<p><!-- \/wp:heading --><!-- wp:paragraph --><\/p>\n<p>Nh\u1eefng cookie n\u00e0y gi\u00fap ch\u00fang t\u00f4i hi\u1ec3u c\u00e1ch kh\u00e1ch truy c\u1eadp t\u01b0\u01a1ng t\u00e1c v\u1edbi trang web c\u1ee7a ch\u00fang t\u00f4i b\u1eb1ng c\u00e1ch thu th\u1eadp v\u00e0 b\u00e1o c\u00e1o th\u00f4ng tin d\u01b0\u1edbi d\u1ea1ng \u1ea9n danh. Ch\u00fang \u0111\u01b0\u1ee3c s\u1eed d\u1ee5ng \u0111\u1ec3 c\u1ea3i thi\u1ec7n hi\u1ec7u su\u1ea5t trang web c\u1ee7a ch\u00fang t\u00f4i.<\/p>\n<p><!-- \/wp:paragraph --><!-- wp:list --><\/p>\n<ul class=\"wp-block-list\">\n<li style=\"list-style-type: none;\">\n<ul class=\"wp-block-list\"><!-- wp:list-item --><\/ul>\n<\/li>\n<\/ul>\n<ul class=\"wp-block-list\">\n<li style=\"list-style-type: none;\">\n<ul class=\"wp-block-list\">\n<li><strong>V\u00ed d\u1ee5:<\/strong>&nbsp;Cookie c\u1ee7a Google Analytics<br><strong>C\u01a1 s\u1edf ph\u00e1p l\u00fd:<\/strong>&nbsp;\u0110i\u1ec1u 6(1)(f) GDPR (L\u1ee3i \u00edch h\u1ee3p ph\u00e1p trong vi\u1ec7c c\u1ea3i thi\u1ec7n ch\u1ee9c n\u0103ng trang web)<\/li>\n<\/ul>\n<\/li>\n<\/ul>\n<p><!-- \/wp:list-item --><\/p>\n<p><!-- \/wp:list --><!-- wp:heading {\"level\":3} --><\/p>\n<h3 class=\"wp-block-heading\"><strong>3.3. Cookie ch\u1ee9c n\u0103ng<\/strong><\/h3>\n<p><!-- \/wp:heading --><!-- wp:paragraph --><\/p>\n<p>C\u00e1c cookie n\u00e0y cho ph\u00e9p trang web c\u1ee7a ch\u00fang t\u00f4i ghi nh\u1edb c\u00e1c l\u1ef1a ch\u1ecdn b\u1ea1n th\u1ef1c hi\u1ec7n (v\u00ed d\u1ee5: t\u00f9y ch\u1ecdn ng\u00f4n ng\u1eef, khu v\u1ef1c) v\u00e0 cung c\u1ea5p c\u00e1c t\u00ednh n\u0103ng n\u00e2ng cao c\u0169ng nh\u01b0 c\u00e1 nh\u00e2n h\u00f3a. C\u00e1c cookie n\u00e0y c\u0169ng c\u00f3 th\u1ec3 \u0111\u01b0\u1ee3c s\u1eed d\u1ee5ng \u0111\u1ec3 ghi nh\u1edb c\u00e1c thay \u0111\u1ed5i b\u1ea1n \u0111\u00e3 th\u1ef1c hi\u1ec7n \u0111\u1ed1i v\u1edbi k\u00edch th\u01b0\u1edbc v\u0103n b\u1ea3n ho\u1eb7c c\u00e1c y\u1ebfu t\u1ed1 c\u00f3 th\u1ec3 t\u00f9y ch\u1ec9nh kh\u00e1c.<\/p>\n<p><!-- \/wp:paragraph --><!-- wp:list --><\/p>\n<ul class=\"wp-block-list\">\n<li style=\"list-style-type: none;\">\n<ul class=\"wp-block-list\"><!-- wp:list-item --><\/ul>\n<\/li>\n<\/ul>\n<ul class=\"wp-block-list\">\n<li style=\"list-style-type: none;\">\n<ul class=\"wp-block-list\">\n<li><strong>V\u00ed d\u1ee5:<\/strong>&nbsp;Cookie t\u00f9y ch\u1ecdn ng\u00f4n ng\u1eef<br><strong>C\u01a1 s\u1edf ph\u00e1p l\u00fd:<\/strong>&nbsp;\u0110i\u1ec1u 6(1)(a) GDPR (S\u1ef1 \u0111\u1ed3ng \u00fd)<\/li>\n<\/ul>\n<\/li>\n<\/ul>\n<p><!-- \/wp:list-item --><\/p>\n<p><!-- \/wp:list --><!-- wp:heading {\"level\":3} --><\/p>\n<h3 class=\"wp-block-heading\"><strong>3.4. Cookie \u0111\u1ecbnh h\u01b0\u1edbng ho\u1eb7c qu\u1ea3ng c\u00e1o<\/strong><\/h3>\n<p><!-- \/wp:heading --><!-- wp:paragraph --><\/p>\n<p>Nh\u1eefng cookie n\u00e0y \u0111\u01b0\u1ee3c s\u1eed d\u1ee5ng \u0111\u1ec3 theo d\u00f5i h\u00e0nh vi duy\u1ec7t web c\u1ee7a b\u1ea1n tr\u00ean nhi\u1ec1u trang web nh\u1eb1m cung c\u1ea5p qu\u1ea3ng c\u00e1o \u0111\u01b0\u1ee3c c\u00e1 nh\u00e2n h\u00f3a. Ch\u00fang \u0111\u01b0\u1ee3c s\u1eed d\u1ee5ng \u0111\u1ec3 \u0111\u1ea3m b\u1ea3o b\u1ea1n th\u1ea5y c\u00e1c qu\u1ea3ng c\u00e1o ph\u00f9 h\u1ee3p d\u1ef1a tr\u00ean s\u1edf th\u00edch c\u1ee7a m\u00ecnh.<\/p>\n<p><!-- \/wp:paragraph --><!-- wp:list --><\/p>\n<ul class=\"wp-block-list\">\n<li style=\"list-style-type: none;\">\n<ul class=\"wp-block-list\"><!-- wp:list-item --><\/ul>\n<\/li>\n<\/ul>\n<ul class=\"wp-block-list\">\n<li style=\"list-style-type: none;\">\n<ul class=\"wp-block-list\">\n<li><strong>V\u00ed d\u1ee5:<\/strong>&nbsp;Cookie Facebook, Instagram, TikTok<br><strong>C\u01a1 s\u1edf ph\u00e1p l\u00fd:<\/strong>&nbsp;\u0110i\u1ec1u 6(1)(a) GDPR (S\u1ef1 \u0111\u1ed3ng \u00fd)<\/li>\n<\/ul>\n<\/li>\n<\/ul>\n<p><!-- \/wp:list-item --><\/p>\n<p><!-- \/wp:list --><!-- wp:heading --><\/p>\n<h2 class=\"wp-block-heading\"><strong>4. Cookie c\u1ee7a b\u00ean th\u1ee9 ba<\/strong><\/h2>\n<p><!-- \/wp:heading --><!-- wp:paragraph --><\/p>\n<p>Ngo\u00e0i cookie c\u1ee7a ri\u00eang ch\u00fang t\u00f4i, ch\u00fang t\u00f4i c\u0169ng c\u00f3 th\u1ec3 s\u1eed d\u1ee5ng cookie c\u1ee7a b\u00ean th\u1ee9 ba t\u1eeb c\u00e1c nh\u00e0 cung c\u1ea5p d\u1ecbch v\u1ee5 (nh\u01b0 Google, Facebook, Instagram, TikTok) \u0111\u1ec3 ph\u00e2n t\u00edch c\u00e1ch b\u1ea1n s\u1eed d\u1ee5ng trang web c\u1ee7a ch\u00fang t\u00f4i v\u00e0 \u0111\u1ec3 hi\u1ec3n th\u1ecb qu\u1ea3ng c\u00e1o d\u1ef1a tr\u00ean s\u1edf th\u00edch c\u1ee7a b\u1ea1n. C\u00e1c b\u00ean th\u1ee9 ba n\u00e0y c\u00f3 th\u1ec3 thu th\u1eadp d\u1eef li\u1ec7u v\u1ec1 ho\u1ea1t \u0111\u1ed9ng c\u1ee7a b\u1ea1n tr\u00ean c\u00e1c trang web ho\u1eb7c n\u1ec1n t\u1ea3ng kh\u00e1c nhau.<\/p>\n<p><!-- \/wp:paragraph --><!-- wp:paragraph --><\/p>\n<p>M\u1ed9t s\u1ed1 nh\u00e0 cung c\u1ea5p b\u00ean th\u1ee9 ba c\u00f3 th\u1ec3 \u0111\u1eb7t t\u1ea1i c\u00e1c qu\u1ed1c gia ngo\u00e0i Li\u00ean minh Ch\u00e2u \u00c2u, v\u00e0 vi\u1ec7c chuy\u1ec3n d\u1eef li\u1ec7u c\u00f3 th\u1ec3 \u0111\u01b0\u1ee3c th\u1ef1c hi\u1ec7n d\u1ef1a tr\u00ean c\u00e1c \u0110i\u1ec1u kho\u1ea3n H\u1ee3p \u0111\u1ed3ng M\u1eabu ho\u1eb7c c\u00e1c c\u01a1 ch\u1ebf chuy\u1ec3n giao \u0111\u01b0\u1ee3c ph\u00ea duy\u1ec7t kh\u00e1c.<\/p>\n<p><!-- \/wp:paragraph --><!-- wp:heading --><\/p>\n<h2 class=\"wp-block-heading\"><strong>5. S\u1ef1 ch\u1ea5p thu\u1eadn c\u1ee7a b\u1ea1n \u0111\u1ed1i v\u1edbi Cookie<\/strong><\/h2>\n<p><!-- \/wp:heading --><!-- wp:paragraph --><\/p>\n<p>Khi b\u1ea1n truy c\u1eadp trang web c\u1ee7a ch\u00fang t\u00f4i, ch\u00fang t\u00f4i y\u00eau c\u1ea7u s\u1ef1 \u0111\u1ed3ng \u00fd c\u1ee7a b\u1ea1n \u0111\u1ec3 s\u1eed d\u1ee5ng cookie (ngo\u00e0i c\u00e1c cookie th\u1ef1c s\u1ef1 c\u1ea7n thi\u1ebft) th\u00f4ng qua m\u1ed9t&nbsp;<strong>bi\u1ec3u ng\u1eef cookie<\/strong>. B\u1eb1ng c\u00e1ch nh\u1ea5p v\u00e0o \u201cCh\u1ea5p nh\u1eadn\u201d tr\u00ean bi\u1ec3u ng\u1eef ho\u1eb7c ti\u1ebfp t\u1ee5c s\u1eed d\u1ee5ng trang web c\u1ee7a ch\u00fang t\u00f4i, b\u1ea1n \u0111\u1ed3ng \u00fd v\u1edbi vi\u1ec7c s\u1eed d\u1ee5ng cookie theo Ch\u00ednh s\u00e1ch Cookie n\u00e0y.<\/p>\n<p><!-- \/wp:paragraph --><!-- wp:paragraph --><\/p>\n<p>N\u1ebfu b\u1ea1n kh\u00f4ng mu\u1ed1n ch\u00fang t\u00f4i s\u1eed d\u1ee5ng m\u1ed9t s\u1ed1 cookie nh\u1ea5t \u0111\u1ecbnh, b\u1ea1n c\u00f3 th\u1ec3 qu\u1ea3n l\u00fd t\u00f9y ch\u1ecdn cookie c\u1ee7a m\u00ecnh b\u1eb1ng c\u00e1ch:<\/p>\n<p><!-- \/wp:paragraph --><!-- wp:heading {\"level\":3} --><\/p>\n<h3 class=\"wp-block-heading\"><strong>5.1. Qu\u1ea3n l\u00fd T\u00f9y ch\u1ecdn Cookie<\/strong><\/h3>\n<p><!-- \/wp:heading --><!-- wp:paragraph --><\/p>\n<p>B\u1ea1n c\u00f3 th\u1ec3 thay \u0111\u1ed5i t\u00f9y ch\u1ecdn cookie c\u1ee7a m\u00ecnh b\u1ea5t k\u1ef3 l\u00fac n\u00e0o b\u1eb1ng c\u00e1ch nh\u1ea5p v\u00e0o&nbsp;<strong>C\u00e0i \u0111\u1eb7t Cookie<\/strong>&nbsp;li\u00ean k\u1ebft c\u00f3 s\u1eb5n tr\u00ean trang web c\u1ee7a ch\u00fang t\u00f4i. B\u1ea1n s\u1ebd c\u00f3 th\u1ec3 ch\u1ecdn tham gia ho\u1eb7c kh\u00f4ng tham gia v\u00e0o c\u00e1c lo\u1ea1i cookie nh\u1ea5t \u0111\u1ecbnh.<\/p>\n<p><!-- \/wp:paragraph --><!-- wp:heading {\"level\":3} --><\/p>\n<h3 class=\"wp-block-heading\"><strong>5.2. C\u00e0i \u0111\u1eb7t tr\u00ecnh duy\u1ec7t<\/strong><\/h3>\n<p><!-- \/wp:heading --><!-- wp:paragraph --><\/p>\n<p>B\u1ea1n c\u0169ng c\u00f3 th\u1ec3 c\u00e0i \u0111\u1eb7t tr\u00ecnh duy\u1ec7t c\u1ee7a m\u00ecnh \u0111\u1ec3 ch\u1eb7n cookie ho\u1eb7c c\u1ea3nh b\u00e1o b\u1ea1n khi cookie \u0111\u01b0\u1ee3c g\u1eedi \u0111i. Xin l\u01b0u \u00fd r\u1eb1ng n\u1ebfu b\u1ea1n ch\u1eb7n t\u1ea5t c\u1ea3 cookie, m\u1ed9t s\u1ed1 ph\u1ea7n tr\u00ean trang web c\u1ee7a ch\u00fang t\u00f4i c\u00f3 th\u1ec3 kh\u00f4ng ho\u1ea1t \u0111\u1ed9ng b\u00ecnh th\u01b0\u1eddng.<\/p>\n<p><!-- \/wp:paragraph --><!-- wp:list --><\/p>\n<ul class=\"wp-block-list\">\n<li style=\"list-style-type: none;\">\n<ul class=\"wp-block-list\"><!-- wp:list-item --><\/ul>\n<\/li>\n<\/ul>\n<ul class=\"wp-block-list\">\n<li style=\"list-style-type: none;\">\n<ul class=\"wp-block-list\">\n<li><strong>C\u00e1ch t\u1eaft cookie trong tr\u00ecnh duy\u1ec7t c\u1ee7a b\u1ea1n:<\/strong><strong><br><\/strong>M\u1ed7i tr\u00ecnh duy\u1ec7t c\u00f3 ph\u01b0\u01a1ng ph\u00e1p ri\u00eang \u0111\u1ec3 qu\u1ea3n l\u00fd cookie. \u0110\u1ec3 bi\u1ebft th\u00f4ng tin v\u1ec1 c\u00e1ch v\u00f4 hi\u1ec7u h\u00f3a ho\u1eb7c x\u00f3a cookie, b\u1ea1n c\u00f3 th\u1ec3 truy c\u1eadp ph\u1ea7n tr\u1ee3 gi\u00fap c\u1ee7a tr\u00ecnh duy\u1ec7t.<\/li>\n<\/ul>\n<\/li>\n<\/ul>\n<p><!-- \/wp:list-item --><\/p>\n<p><!-- \/wp:list --><!-- wp:heading --><\/p>\n<h2 class=\"wp-block-heading\"><strong>6. Th\u1eddi h\u1ea1n l\u01b0u tr\u1eef Cookie<\/strong><\/h2>\n<p><!-- \/wp:heading --><!-- wp:paragraph --><\/p>\n<p>Cookie c\u00f3 th\u1ec3 d\u1ef1a tr\u00ean phi\u00ean (b\u1ecb x\u00f3a ngay khi b\u1ea1n \u0111\u00f3ng tr\u00ecnh duy\u1ec7t) ho\u1eb7c cookie c\u1ed1 \u0111\u1ecbnh (\u0111\u01b0\u1ee3c l\u01b0u tr\u1eef tr\u00ean thi\u1ebft b\u1ecb c\u1ee7a b\u1ea1n cho \u0111\u1ebfn khi h\u1ebft h\u1ea1n ho\u1eb7c b\u1ea1n x\u00f3a ch\u00fang).<\/p>\n<p><!-- \/wp:paragraph --><!-- wp:list --><\/p>\n<ul class=\"wp-block-list\">\n<li style=\"list-style-type: none;\">\n<ul class=\"wp-block-list\"><!-- wp:list-item --><\/ul>\n<\/li>\n<\/ul>\n<ul class=\"wp-block-list\">\n<li style=\"list-style-type: none;\">\n<ul class=\"wp-block-list\">\n<li><strong>Cookie phi\u00ean<\/strong>&nbsp;Th\u00f4ng th\u01b0\u1eddng s\u1ebd h\u1ebft h\u1ea1n khi b\u1ea1n \u0111\u00f3ng tr\u00ecnh duy\u1ec7t.<\/li>\n<\/ul>\n<\/li>\n<\/ul>\n<p><!-- \/wp:list-item --><!-- wp:list-item --><\/p>\n<ul class=\"wp-block-list\">\n<li style=\"list-style-type: none;\">\n<ul class=\"wp-block-list\">\n<li><strong>Cookie l\u00e2u d\u00e0i:<\/strong>&nbsp;C\u00f3 th\u1ec3 l\u01b0u tr\u1eef tr\u00ean thi\u1ebft b\u1ecb c\u1ee7a b\u1ea1n trong m\u1ed9t kho\u1ea3ng th\u1eddi gian nh\u1ea5t \u0111\u1ecbnh (t\u1eeb v\u00e0i gi\u1edd \u0111\u1ebfn v\u00e0i n\u0103m), t\u00f9y thu\u1ed9c v\u00e0o c\u00e0i \u0111\u1eb7t cookie.<\/li>\n<\/ul>\n<\/li>\n<\/ul>\n<p><!-- \/wp:list-item --><\/p>\n<p><!-- \/wp:list --><!-- wp:heading --><\/p>\n<h2 class=\"wp-block-heading\"><strong>7. Quy\u1ec1n c\u1ee7a b\u1ea1n theo GDPR<\/strong><\/h2>\n<p><!-- \/wp:heading --><!-- wp:paragraph --><\/p>\n<p>L\u00e0 ng\u01b0\u1eddi d\u00f9ng, b\u1ea1n c\u00f3 c\u00e1c quy\u1ec1n sau \u0111\u1ed1i v\u1edbi d\u1eef li\u1ec7u c\u00e1 nh\u00e2n \u0111\u01b0\u1ee3c thu th\u1eadp th\u00f4ng qua cookie:<\/p>\n<p><!-- \/wp:paragraph --><!-- wp:list --><\/p>\n<ul class=\"wp-block-list\">\n<li style=\"list-style-type: none;\">\n<ul class=\"wp-block-list\"><!-- wp:list-item --><\/ul>\n<\/li>\n<\/ul>\n<ul class=\"wp-block-list\">\n<li style=\"list-style-type: none;\">\n<ul class=\"wp-block-list\">\n<li><strong>Quy\u1ec1n truy c\u1eadp<\/strong>&nbsp;B\u1ea1n c\u00f3 th\u1ec3 y\u00eau c\u1ea7u truy c\u1eadp v\u00e0o d\u1eef li\u1ec7u c\u00e1 nh\u00e2n m\u00e0 ch\u00fang t\u00f4i \u0111ang l\u01b0u tr\u1eef v\u1ec1 b\u1ea1n.<\/li>\n<\/ul>\n<\/li>\n<\/ul>\n<p><!-- \/wp:list-item --><!-- wp:list-item --><\/p>\n<ul class=\"wp-block-list\">\n<li style=\"list-style-type: none;\">\n<ul class=\"wp-block-list\">\n<li><strong>Quy\u1ec1n y\u00eau c\u1ea7u s\u1eeda \u0111\u1ed5i<\/strong>&nbsp;Qu\u00fd v\u1ecb c\u00f3 th\u1ec3 y\u00eau c\u1ea7u ch\u00fang t\u00f4i ch\u1ec9nh s\u1eeda b\u1ea5t k\u1ef3 th\u00f4ng tin kh\u00f4ng ch\u00ednh x\u00e1c n\u00e0o trong d\u1eef li\u1ec7u c\u00e1 nh\u00e2n m\u00e0 ch\u00fang t\u00f4i \u0111ang l\u01b0u gi\u1eef.<\/li>\n<\/ul>\n<\/li>\n<\/ul>\n<p><!-- \/wp:list-item --><!-- wp:list-item --><\/p>\n<ul class=\"wp-block-list\">\n<li style=\"list-style-type: none;\">\n<ul class=\"wp-block-list\">\n<li><strong>Quy\u1ec1n \u0111\u01b0\u1ee3c x\u00f3a<\/strong>&nbsp;B\u1ea1n c\u00f3 th\u1ec3 y\u00eau c\u1ea7u x\u00f3a d\u1eef li\u1ec7u c\u00e1 nh\u00e2n c\u1ee7a m\u00ecnh (t\u00f9y thu\u1ed9c v\u00e0o m\u1ed9t s\u1ed1 \u0111i\u1ec1u ki\u1ec7n ph\u00e1p l\u00fd).<\/li>\n<\/ul>\n<\/li>\n<\/ul>\n<p><!-- \/wp:list-item --><!-- wp:list-item --><\/p>\n<ul class=\"wp-block-list\">\n<li style=\"list-style-type: none;\">\n<ul class=\"wp-block-list\">\n<li><strong>Quy\u1ec1n ph\u1ea3n \u0111\u1ed1i:<\/strong>&nbsp;B\u1ea1n c\u00f3 th\u1ec3 ph\u1ea3n \u0111\u1ed1i vi\u1ec7c x\u1eed l\u00fd d\u1eef li\u1ec7u c\u00e1 nh\u00e2n c\u1ee7a m\u00ecnh trong nh\u1eefng \u0111i\u1ec1u ki\u1ec7n nh\u1ea5t \u0111\u1ecbnh.<\/li>\n<\/ul>\n<\/li>\n<\/ul>\n<p><!-- \/wp:list-item --><!-- wp:list-item --><\/p>\n<ul class=\"wp-block-list\">\n<li style=\"list-style-type: none;\">\n<ul class=\"wp-block-list\">\n<li><strong>Quy\u1ec1n r\u00fat l\u1ea1i s\u1ef1 \u0111\u1ed3ng \u00fd<\/strong>&nbsp;B\u1ea1n c\u00f3 th\u1ec3 r\u00fat l\u1ea1i s\u1ef1 \u0111\u1ed3ng \u00fd c\u1ee7a m\u00ecnh \u0111\u1ed1i v\u1edbi cookie b\u1ea5t k\u1ef3 l\u00fac n\u00e0o b\u1eb1ng c\u00e1ch \u0111i\u1ec1u ch\u1ec9nh c\u00e0i \u0111\u1eb7t cookie ho\u1eb7c ch\u1eb7n cookie th\u00f4ng qua c\u00e0i \u0111\u1eb7t tr\u00ecnh duy\u1ec7t c\u1ee7a m\u00ecnh.<\/li>\n<\/ul>\n<\/li>\n<\/ul>\n<p><!-- \/wp:list-item --><\/p>\n<p><!-- \/wp:list --><!-- wp:paragraph --><\/p>\n<p>\u0110\u1ec3 bi\u1ebft th\u00eam th\u00f4ng tin, vui l\u00f2ng tham kh\u1ea3o&nbsp;<strong>Ch\u00ednh s\u00e1ch b\u1ea3o m\u1eadt<\/strong>.<\/p>\n<h1><span style=\"font-family: inherit; font-size: inherit; font-style: inherit; font-variant-ligatures: inherit; font-variant-caps: inherit;\">8.&nbsp;<\/span><strong style=\"font-family: inherit; font-size: inherit; font-style: inherit; font-variant-ligatures: inherit; font-variant-caps: inherit; color: #7e320c;\">Thay \u0111\u1ed5i \u0111\u1ed1i v\u1edbi Ch\u00ednh s\u00e1ch Cookie n\u00e0y<\/strong><\/h1>\n<p><!-- \/wp:list-item --><\/p>\n<p><!-- \/wp:list --><!-- wp:paragraph --><\/p>\n<p>Ch\u00fang t\u00f4i c\u00f3 th\u1ec3 c\u1eadp nh\u1eadt Ch\u00ednh s\u00e1ch Cookie n\u00e0y theo th\u1eddi gian \u0111\u1ec3 ph\u1ea3n \u00e1nh nh\u1eefng thay \u0111\u1ed5i v\u1ec1 c\u00f4ng ngh\u1ec7 ho\u1eb7c ph\u00e1p lu\u1eadt. B\u1ea5t k\u1ef3 c\u1eadp nh\u1eadt n\u00e0o \u0111\u1ed1i v\u1edbi ch\u00ednh s\u00e1ch n\u00e0y s\u1ebd \u0111\u01b0\u1ee3c \u0111\u0103ng t\u1ea3i tr\u00ean trang n\u00e0y v\u00e0 phi\u00ean b\u1ea3n c\u1eadp nh\u1eadt s\u1ebd c\u00f3 hi\u1ec7u l\u1ef1c ngay khi \u0111\u01b0\u1ee3c c\u00f4ng b\u1ed1.<\/p>\n<p><!-- \/wp:paragraph --><!-- wp:heading --><\/p>\n<h2 class=\"wp-block-heading\"><strong>9. Th\u00f4ng tin li\u00ean h\u1ec7<\/strong><\/h2>\n<p><!-- \/wp:heading --><!-- wp:paragraph --><\/p>\n<p>N\u1ebfu b\u1ea1n c\u00f3 b\u1ea5t k\u1ef3 c\u00e2u h\u1ecfi n\u00e0o v\u1ec1 Ch\u00ednh s\u00e1ch cookie n\u00e0y ho\u1eb7c c\u00e1ch ch\u00fang t\u00f4i x\u1eed l\u00fd d\u1eef li\u1ec7u c\u1ee7a b\u1ea1n, vui l\u00f2ng li\u00ean h\u1ec7 v\u1edbi ch\u00fang t\u00f4i t\u1ea1i:<\/p>\n<p><!-- \/wp:paragraph --><!-- wp:paragraph --><\/p>\n<p><strong>Prosica GmbH<\/strong><strong><br><\/strong>Paulsborner Str. 50a<br>14193 Berlin, \u0110\u1ee9c<br>Email: info@prosica.de<\/p>\n<p><!-- \/wp:paragraph --><\/p>\t\t\t\t\t\t\t\t<\/div>\n\t\t\t\t\t<\/div>\n\t\t\t\t<\/div>\n\t\t\t\t<\/div>","protected":false},"excerpt":{"rendered":"<p>Prosica GmbH Last updated: 26\/11\/2025 1. Introduction Prosica GmbH (&#8220;Prosica&#8221;, &#8220;we&#8221;, &#8220;us&#8221;, &#8220;our&#8221;) uses cookies and similar technologies to enhance the user experience on our website and improve our services. This Cookie Policy explains what cookies are, how we use them, and your options regarding cookies. By using our website, you consent to the use [&hellip;]<\/p>\n","protected":false},"author":1,"featured_media":0,"parent":0,"menu_order":0,"comment_status":"closed","ping_status":"closed","template":"","meta":{"footnotes":""},"class_list":["post-3","page","type-page","status-publish","hentry"],"blocksy_meta":[],"_links":{"self":[{"href":"https:\/\/prosica.de\/vi\/wp-json\/wp\/v2\/pages\/3","targetHints":{"allow":["GET"]}}],"collection":[{"href":"https:\/\/prosica.de\/vi\/wp-json\/wp\/v2\/pages"}],"about":[{"href":"https:\/\/prosica.de\/vi\/wp-json\/wp\/v2\/types\/page"}],"author":[{"embeddable":true,"href":"https:\/\/prosica.de\/vi\/wp-json\/wp\/v2\/users\/1"}],"replies":[{"embeddable":true,"href":"https:\/\/prosica.de\/vi\/wp-json\/wp\/v2\/comments?post=3"}],"version-history":[{"count":14,"href":"https:\/\/prosica.de\/vi\/wp-json\/wp\/v2\/pages\/3\/revisions"}],"predecessor-version":[{"id":1930,"href":"https:\/\/prosica.de\/vi\/wp-json\/wp\/v2\/pages\/3\/revisions\/1930"}],"wp:attachment":[{"href":"https:\/\/prosica.de\/vi\/wp-json\/wp\/v2\/media?parent=3"}],"curies":[{"name":"wp","href":"https:\/\/api.w.org\/{rel}","templated":true}]}}