{"id":3,"date":"2026-04-03T20:42:20","date_gmt":"2026-04-03T20:42:20","guid":{"rendered":"https:\/\/sweet-hopper.37-27-105-79.plesk.page\/?page_id=3"},"modified":"2026-04-05T23:37:02","modified_gmt":"2026-04-05T23:37:02","slug":"cookie-richtlinie","status":"publish","type":"page","link":"https:\/\/prosica.de\/de\/cookie-policy\/","title":{"rendered":"Cookie-Richtlinie"},"content":{"rendered":"<div data-elementor-type=\"wp-page\" data-elementor-id=\"3\" class=\"elementor elementor-3\">\n\t\t\t\t<div class=\"elementor-element elementor-element-5e82a21b e-flex e-con-boxed e-con e-parent\" data-id=\"5e82a21b\" data-element_type=\"container\" data-e-type=\"container\">\n\t\t\t\t\t<div class=\"e-con-inner\">\n\t\t\t\t<div class=\"elementor-element elementor-element-4efd1253 elementor-widget elementor-widget-text-editor\" data-id=\"4efd1253\" data-element_type=\"widget\" data-e-type=\"widget\" data-widget_type=\"text-editor.default\">\n\t\t\t\t\t\t\t\t\t<p>Prosica GmbH Zuletzt aktualisiert: 26.11.2025<\/p>\n<p><!-- \/wp:paragraph --><!-- wp:heading --><\/p>\n<h2 class=\"wp-block-heading\"><strong>1. Einleitung<\/strong><\/h2>\n<p><!-- \/wp:heading --><!-- wp:paragraph --><\/p>\n<p>Prosica GmbH (&#8220;Prosica&#8221;, &#8220;we&#8221;, &#8220;us&#8221;, &#8220;our&#8221;) uses cookies and similar technologies to enhance the user experience on our website and improve our services. This Cookie Policy explains what cookies are, how we use them, and your options regarding cookies.<\/p>\n<p><!-- \/wp:paragraph --><!-- wp:paragraph --><\/p>\n<p>Durch die Nutzung unserer Website erkl\u00e4ren Sie sich mit der Verwendung von Cookies wie in dieser Richtlinie beschrieben einverstanden, es sei denn, Sie haben nicht unbedingt erforderliche Cookies abgelehnt.<\/p>\n<p><!-- \/wp:paragraph --><!-- wp:paragraph --><\/p>\n<p><strong>Steuerung<\/strong><strong><br><\/strong>Prosica GmbH<br>Paulsborner Str. 50a<br>14193 Berlin, Deutschland<br>Handelsregister: HRB 280845 B<br>Gesch\u00e4ftsf\u00fchrerin: Lilian Pilvin<br>E-Mail: info@prosica.de<\/p>\n<p><!-- \/wp:paragraph --><!-- wp:heading --><\/p>\n<h2 class=\"wp-block-heading\"><strong>2. Was sind Cookies?<\/strong><\/h2>\n<p><!-- \/wp:heading --><!-- wp:paragraph --><\/p>\n<p>Cookies sind kleine Textdateien, die beim Besuch einer Website auf Ihrem Ger\u00e4t (Computer, Smartphone, Tablet) gespeichert werden. Cookies erm\u00f6glichen es der Website, Ihr Ger\u00e4t zu erkennen und bestimmte Informationen (z. B. Pr\u00e4ferenzen, Anmeldedaten oder Artikel in einem Warenkorb) f\u00fcr die Dauer Ihrer Sitzung oder f\u00fcr zuk\u00fcnftige Besuche zu speichern.<\/p>\n<p><!-- \/wp:paragraph --><!-- wp:paragraph --><\/p>\n<p>Cookies k\u00f6nnen&nbsp;<strong>First-Party-Cookies<\/strong>&nbsp;(von der von Ihnen besuchten Website festgelegt) oder&nbsp;<strong>Drittanbieter-Cookies<\/strong>&nbsp;(von anderen Websites oder Diensten festgelegt).<\/p>\n<p><!-- \/wp:paragraph --><!-- wp:heading --><\/p>\n<h2 class=\"wp-block-heading\"><strong>3. Arten von Cookies, die wir verwenden<\/strong><\/h2>\n<p><!-- \/wp:heading --><!-- wp:heading {\"level\":3} --><\/p>\n<h3 class=\"wp-block-heading\"><strong>3.1. Streng notwendige Cookies<\/strong><\/h3>\n<p><!-- \/wp:heading --><!-- wp:paragraph --><\/p>\n<p>Diese Cookies sind f\u00fcr den Betrieb unserer Website unerl\u00e4sslich und erm\u00f6glichen grundlegende Funktionen wie die Seitennavigation und den Zugriff auf sichere Bereiche. Ohne diese Cookies k\u00f6nnen bestimmte Dienste nicht bereitgestellt werden.<\/p>\n<p><!-- \/wp:paragraph --><!-- wp:list --><\/p>\n<ul class=\"wp-block-list\">\n<li style=\"list-style-type: none;\">\n<ul class=\"wp-block-list\"><!-- wp:list-item --><\/ul>\n<\/li>\n<\/ul>\n<ul class=\"wp-block-list\">\n<li style=\"list-style-type: none;\">\n<ul class=\"wp-block-list\">\n<li><strong>Beispiele:<\/strong>&nbsp;Sitzungs-Cookies, Authentifizierungs-Cookies<\/li>\n<\/ul>\n<\/li>\n<\/ul>\n<p><!-- \/wp:list-item --><\/p>\n<p><!-- \/wp:list --><!-- wp:heading {\"level\":3} --><\/p>\n<h3 class=\"wp-block-heading\"><strong>3.2. Performance-Cookies (Analyse)<\/strong><\/h3>\n<p><!-- \/wp:heading --><!-- wp:paragraph --><\/p>\n<p>Diese Cookies helfen uns zu verstehen, wie Besucher mit unserer Website interagieren, indem sie Informationen anonym sammeln und melden. Sie werden verwendet, um die Leistung unserer Website zu verbessern.<\/p>\n<p><!-- \/wp:paragraph --><!-- wp:list --><\/p>\n<ul class=\"wp-block-list\">\n<li style=\"list-style-type: none;\">\n<ul class=\"wp-block-list\"><!-- wp:list-item --><\/ul>\n<\/li>\n<\/ul>\n<ul class=\"wp-block-list\">\n<li style=\"list-style-type: none;\">\n<ul class=\"wp-block-list\">\n<li><strong>Beispiele:<\/strong>&nbsp;Google Analytics-Cookies<br><strong>Rechtsgrundlage:<\/strong>&nbsp;Art. 6 Abs. 1 lit. f DSGVO (Berechtigtes Interesse an der Verbesserung der Website-Funktionalit\u00e4t)<\/li>\n<\/ul>\n<\/li>\n<\/ul>\n<p><!-- \/wp:list-item --><\/p>\n<p><!-- \/wp:list --><!-- wp:heading {\"level\":3} --><\/p>\n<h3 class=\"wp-block-heading\"><strong>3.3. Funktionelle Cookies<\/strong><\/h3>\n<p><!-- \/wp:heading --><!-- wp:paragraph --><\/p>\n<p>Diese Cookies erm\u00f6glichen es unserer Website, von Ihnen getroffene Entscheidungen (z. B. Sprachpr\u00e4ferenz, Region) zu speichern und erweiterte Funktionen und Personalisierung bereitzustellen. Diese Cookies k\u00f6nnen auch dazu verwendet werden, \u00c4nderungen zu speichern, die Sie an der Textgr\u00f6\u00dfe oder anderen anpassbaren Elementen vorgenommen haben.<\/p>\n<p><!-- \/wp:paragraph --><!-- wp:list --><\/p>\n<ul class=\"wp-block-list\">\n<li style=\"list-style-type: none;\">\n<ul class=\"wp-block-list\"><!-- wp:list-item --><\/ul>\n<\/li>\n<\/ul>\n<ul class=\"wp-block-list\">\n<li style=\"list-style-type: none;\">\n<ul class=\"wp-block-list\">\n<li><strong>Beispiele:<\/strong>&nbsp;Sprachpr\u00e4ferenz-Cookies<br><strong>Rechtsgrundlage:<\/strong>&nbsp;Artikel 6 Absatz 1 Buchstabe a DSGVO (Einwilligung)<\/li>\n<\/ul>\n<\/li>\n<\/ul>\n<p><!-- \/wp:list-item --><\/p>\n<p><!-- \/wp:list --><!-- wp:heading {\"level\":3} --><\/p>\n<h3 class=\"wp-block-heading\"><strong>3.4. Targeting- oder Werbe-Cookies<\/strong><\/h3>\n<p><!-- \/wp:heading --><!-- wp:paragraph --><\/p>\n<p>Diese Cookies werden verwendet, um Ihr Surfverhalten \u00fcber mehrere Websites hinweg zu verfolgen, um Ihnen personalisierte Werbung anzuzeigen. Sie werden verwendet, um sicherzustellen, dass Ihnen relevante Werbung entsprechend Ihren Interessen angezeigt wird.<\/p>\n<p><!-- \/wp:paragraph --><!-- wp:list --><\/p>\n<ul class=\"wp-block-list\">\n<li style=\"list-style-type: none;\">\n<ul class=\"wp-block-list\"><!-- wp:list-item --><\/ul>\n<\/li>\n<\/ul>\n<ul class=\"wp-block-list\">\n<li style=\"list-style-type: none;\">\n<ul class=\"wp-block-list\">\n<li><strong>Beispiele:<\/strong>&nbsp;Facebook, Instagram, TikTok Cookies<br><strong>Rechtsgrundlage:<\/strong>&nbsp;Artikel 6 Absatz 1 Buchstabe a DSGVO (Einwilligung)<\/li>\n<\/ul>\n<\/li>\n<\/ul>\n<p><!-- \/wp:list-item --><\/p>\n<p><!-- \/wp:list --><!-- wp:heading --><\/p>\n<h2 class=\"wp-block-heading\"><strong>4. Drittanbieter-Cookies<\/strong><\/h2>\n<p><!-- \/wp:heading --><!-- wp:paragraph --><\/p>\n<p>Zus\u00e4tzlich zu unseren eigenen Cookies k\u00f6nnen wir auch Cookies von Drittanbietern (wie Google, Facebook, Instagram, TikTok) verwenden, um zu analysieren, wie Sie unsere Website nutzen, und um Ihnen interessenbezogene Werbung anzuzeigen. Diese Drittanbieter k\u00f6nnen Daten \u00fcber Ihre Aktivit\u00e4ten auf verschiedenen Websites oder Plattformen sammeln.<\/p>\n<p><!-- \/wp:paragraph --><!-- wp:paragraph --><\/p>\n<p>Einige Drittanbieter k\u00f6nnen sich au\u00dferhalb der Europ\u00e4ischen Union befinden, und \u00dcbermittlungen k\u00f6nnen auf der Grundlage von Standardvertragsklauseln oder anderen genehmigten \u00dcbermittlungsmechanismen erfolgen.<\/p>\n<p><!-- \/wp:paragraph --><!-- wp:heading --><\/p>\n<h2 class=\"wp-block-heading\"><strong>5. Ihre Zustimmung zu Cookies<\/strong><\/h2>\n<p><!-- \/wp:heading --><!-- wp:paragraph --><\/p>\n<p>Wenn Sie unsere Website besuchen, bitten wir Sie um Ihre Zustimmung zur Verwendung von Cookies (au\u00dfer den unbedingt erforderlichen Cookies) \u00fcber ein&nbsp;<strong>Cookie-Banner<\/strong>. Indem Sie auf \u201cAkzeptieren\u201d im Banner klicken oder unsere Website weiterhin nutzen, erkl\u00e4ren Sie sich mit der Verwendung von Cookies gem\u00e4\u00df dieser Cookie-Richtlinie einverstanden.<\/p>\n<p><!-- \/wp:paragraph --><!-- wp:paragraph --><\/p>\n<p>Wenn Sie nicht m\u00f6chten, dass wir bestimmte Cookies verwenden, k\u00f6nnen Sie Ihre Cookie-Einstellungen wie folgt verwalten:<\/p>\n<p><!-- \/wp:paragraph --><!-- wp:heading {\"level\":3} --><\/p>\n<h3 class=\"wp-block-heading\"><strong>5.1. Verwaltung der Cookie-Einstellungen<\/strong><\/h3>\n<p><!-- \/wp:heading --><!-- wp:paragraph --><\/p>\n<p>Sie k\u00f6nnen Ihre Cookie-Einstellungen jederzeit \u00e4ndern, indem Sie auf&nbsp;<strong>Cookie-Einstellungen<\/strong>&nbsp;Link auf unserer Website verf\u00fcgbar. Sie k\u00f6nnen bestimmte Cookie-Kategorien ausw\u00e4hlen oder abw\u00e4hlen.<\/p>\n<p><!-- \/wp:paragraph --><!-- wp:heading {\"level\":3} --><\/p>\n<h3 class=\"wp-block-heading\"><strong>5.2. Browsereinstellungen<\/strong><\/h3>\n<p><!-- \/wp:heading --><!-- wp:paragraph --><\/p>\n<p>Sie k\u00f6nnen Ihren Browser auch so einstellen, dass er Cookies blockiert oder Sie benachrichtigt, wenn Cookies gesendet werden. Bitte beachten Sie, dass bei Blockierung aller Cookies Teile unserer Website m\u00f6glicherweise nicht ordnungsgem\u00e4\u00df funktionieren.<\/p>\n<p><!-- \/wp:paragraph --><!-- wp:list --><\/p>\n<ul class=\"wp-block-list\">\n<li style=\"list-style-type: none;\">\n<ul class=\"wp-block-list\"><!-- wp:list-item --><\/ul>\n<\/li>\n<\/ul>\n<ul class=\"wp-block-list\">\n<li style=\"list-style-type: none;\">\n<ul class=\"wp-block-list\">\n<li><strong>So deaktivieren Sie Cookies in Ihrem Browser:<\/strong><strong><br><\/strong>Jeder Browser hat seine eigene Methode zur Verwaltung von Cookies. Informationen zum Deaktivieren oder L\u00f6schen von Cookies finden Sie im Hilfebereich Ihres Browsers.<\/li>\n<\/ul>\n<\/li>\n<\/ul>\n<p><!-- \/wp:list-item --><\/p>\n<p><!-- \/wp:list --><!-- wp:heading --><\/p>\n<h2 class=\"wp-block-heading\"><strong>6. Speicherdauer von Cookies<\/strong><\/h2>\n<p><!-- \/wp:heading --><!-- wp:paragraph --><\/p>\n<p>Cookies k\u00f6nnen sitzungsbasiert sein (gel\u00f6scht, sobald Sie Ihren Browser schlie\u00dfen) oder persistent (auf Ihrem Ger\u00e4t gespeichert, bis sie ablaufen oder Sie sie l\u00f6schen).<\/p>\n<p><!-- \/wp:paragraph --><!-- wp:list --><\/p>\n<ul class=\"wp-block-list\">\n<li style=\"list-style-type: none;\">\n<ul class=\"wp-block-list\"><!-- wp:list-item --><\/ul>\n<\/li>\n<\/ul>\n<ul class=\"wp-block-list\">\n<li style=\"list-style-type: none;\">\n<ul class=\"wp-block-list\">\n<li><strong>Sitzungscookies:<\/strong>&nbsp;Laufen normalerweise ab, wenn Sie Ihren Browser schlie\u00dfen.<\/li>\n<\/ul>\n<\/li>\n<\/ul>\n<p><!-- \/wp:list-item --><!-- wp:list-item --><\/p>\n<ul class=\"wp-block-list\">\n<li style=\"list-style-type: none;\">\n<ul class=\"wp-block-list\">\n<li><strong>Persistente Cookies<\/strong>&nbsp;k\u00f6nnen je nach Cookie-Einstellungen f\u00fcr einen bestimmten Zeitraum (von wenigen Stunden bis zu mehreren Jahren) auf Ihrem Ger\u00e4t verbleiben.<\/li>\n<\/ul>\n<\/li>\n<\/ul>\n<p><!-- \/wp:list-item --><\/p>\n<p><!-- \/wp:list --><!-- wp:heading --><\/p>\n<h2 class=\"wp-block-heading\"><strong>7. Ihre Rechte gem\u00e4\u00df DSGVO<\/strong><\/h2>\n<p><!-- \/wp:heading --><!-- wp:paragraph --><\/p>\n<p>Als Nutzer haben Sie folgende Rechte bez\u00fcglich der \u00fcber Cookies erhobenen personenbezogenen Daten:<\/p>\n<p><!-- \/wp:paragraph --><!-- wp:list --><\/p>\n<ul class=\"wp-block-list\">\n<li style=\"list-style-type: none;\">\n<ul class=\"wp-block-list\"><!-- wp:list-item --><\/ul>\n<\/li>\n<\/ul>\n<ul class=\"wp-block-list\">\n<li style=\"list-style-type: none;\">\n<ul class=\"wp-block-list\">\n<li><strong>Recht auf Auskunft<\/strong>&nbsp;Sie k\u00f6nnen den Zugriff auf die personenbezogenen Daten anfordern, die wir \u00fcber Sie gespeichert haben.<\/li>\n<\/ul>\n<\/li>\n<\/ul>\n<p><!-- \/wp:list-item --><!-- wp:list-item --><\/p>\n<ul class=\"wp-block-list\">\n<li style=\"list-style-type: none;\">\n<ul class=\"wp-block-list\">\n<li><strong>Recht auf Berichtigung<\/strong>&nbsp;Sie k\u00f6nnen uns bitten, Ungenauigkeiten in den pers\u00f6nlichen Daten, die wir speichern, zu korrigieren.<\/li>\n<\/ul>\n<\/li>\n<\/ul>\n<p><!-- \/wp:list-item --><!-- wp:list-item --><\/p>\n<ul class=\"wp-block-list\">\n<li style=\"list-style-type: none;\">\n<ul class=\"wp-block-list\">\n<li><strong>Recht auf Vergessenwerden<\/strong>&nbsp;Sie k\u00f6nnen die L\u00f6schung Ihrer personenbezogenen Daten beantragen (vorbehaltlich bestimmter gesetzlicher Bedingungen).<\/li>\n<\/ul>\n<\/li>\n<\/ul>\n<p><!-- \/wp:list-item --><!-- wp:list-item --><\/p>\n<ul class=\"wp-block-list\">\n<li style=\"list-style-type: none;\">\n<ul class=\"wp-block-list\">\n<li><strong>Widerspruchsrecht<\/strong>&nbsp;Sie k\u00f6nnen der Verarbeitung Ihrer personenbezogenen Daten unter bestimmten Bedingungen widersprechen.<\/li>\n<\/ul>\n<\/li>\n<\/ul>\n<p><!-- \/wp:list-item --><!-- wp:list-item --><\/p>\n<ul class=\"wp-block-list\">\n<li style=\"list-style-type: none;\">\n<ul class=\"wp-block-list\">\n<li><strong>Widerrufsrecht der Einwilligung<\/strong>&nbsp;Sie k\u00f6nnen Ihre Zustimmung zur Verwendung von Cookies jederzeit widerrufen, indem Sie Ihre Cookie-Einstellungen anpassen oder Cookies \u00fcber Ihre Browsereinstellungen blockieren.<\/li>\n<\/ul>\n<\/li>\n<\/ul>\n<p><!-- \/wp:list-item --><\/p>\n<p><!-- \/wp:list --><!-- wp:paragraph --><\/p>\n<p>F\u00fcr weitere Informationen verweisen wir auf unser&nbsp;<strong>Datenschutzbestimmungen<\/strong>.<\/p>\n<h1><span style=\"font-family: inherit; font-size: inherit; font-style: inherit; font-variant-ligatures: inherit; font-variant-caps: inherit;\">8.&nbsp;<\/span><strong style=\"font-family: inherit; font-size: inherit; font-style: inherit; font-variant-ligatures: inherit; font-variant-caps: inherit; color: #7e320c;\">\u00c4nderungen dieser Cookie-Richtlinie<\/strong><\/h1>\n<p><!-- \/wp:list-item --><\/p>\n<p><!-- \/wp:list --><!-- wp:paragraph --><\/p>\n<p>Wir k\u00f6nnen diese Cookie-Richtlinie von Zeit zu Zeit \u00e4ndern, um \u00c4nderungen in Technologie oder Gesetzgebung widerzuspiegeln. Alle \u00c4nderungen an dieser Richtlinie werden auf dieser Seite ver\u00f6ffentlicht, und die ge\u00e4nderte Fassung tritt mit ihrer Ver\u00f6ffentlichung in Kraft.<\/p>\n<p><!-- \/wp:paragraph --><!-- wp:heading --><\/p>\n<h2 class=\"wp-block-heading\"><strong>9. Kontaktinformationen<\/strong><\/h2>\n<p><!-- \/wp:heading --><!-- wp:paragraph --><\/p>\n<p>Wenn Sie Fragen zu dieser Cookie-Richtlinie oder zum Umgang mit Ihren Daten haben, kontaktieren Sie uns bitte unter:<\/p>\n<p><!-- \/wp:paragraph --><!-- wp:paragraph --><\/p>\n<p><strong>Prosica GmbH<\/strong><strong><br><\/strong>Paulsborner Str. 50a<br>14193 Berlin, Deutschland<br>E-Mail: info@prosica.de<\/p>\n<p><!-- \/wp:paragraph --><\/p>\t\t\t\t\t\t\t\t<\/div>\n\t\t\t\t\t<\/div>\n\t\t\t\t<\/div>\n\t\t\t\t<\/div>","protected":false},"excerpt":{"rendered":"<p>Prosica GmbH Last updated: 26\/11\/2025 1. Introduction Prosica GmbH (&#8220;Prosica&#8221;, &#8220;we&#8221;, &#8220;us&#8221;, &#8220;our&#8221;) uses cookies and similar technologies to enhance the user experience on our website and improve our services. This Cookie Policy explains what cookies are, how we use them, and your options regarding cookies. By using our website, you consent to the use [&hellip;]<\/p>\n","protected":false},"author":1,"featured_media":0,"parent":0,"menu_order":0,"comment_status":"closed","ping_status":"closed","template":"","meta":{"footnotes":""},"class_list":["post-3","page","type-page","status-publish","hentry"],"blocksy_meta":[],"_links":{"self":[{"href":"https:\/\/prosica.de\/de\/wp-json\/wp\/v2\/pages\/3","targetHints":{"allow":["GET"]}}],"collection":[{"href":"https:\/\/prosica.de\/de\/wp-json\/wp\/v2\/pages"}],"about":[{"href":"https:\/\/prosica.de\/de\/wp-json\/wp\/v2\/types\/page"}],"author":[{"embeddable":true,"href":"https:\/\/prosica.de\/de\/wp-json\/wp\/v2\/users\/1"}],"replies":[{"embeddable":true,"href":"https:\/\/prosica.de\/de\/wp-json\/wp\/v2\/comments?post=3"}],"version-history":[{"count":14,"href":"https:\/\/prosica.de\/de\/wp-json\/wp\/v2\/pages\/3\/revisions"}],"predecessor-version":[{"id":1930,"href":"https:\/\/prosica.de\/de\/wp-json\/wp\/v2\/pages\/3\/revisions\/1930"}],"wp:attachment":[{"href":"https:\/\/prosica.de\/de\/wp-json\/wp\/v2\/media?parent=3"}],"curies":[{"name":"wp","href":"https:\/\/api.w.org\/{rel}","templated":true}]}}