{"id":1684,"date":"2026-04-05T15:18:39","date_gmt":"2026-04-05T15:18:39","guid":{"rendered":"https:\/\/sweet-hopper.37-27-105-79.plesk.page\/?page_id=1684"},"modified":"2026-04-05T23:29:57","modified_gmt":"2026-04-05T23:29:57","slug":"rechtlicher-hinweis","status":"publish","type":"page","link":"https:\/\/prosica.de\/de\/legal-disclaimer\/","title":{"rendered":"Haftungsausschluss"},"content":{"rendered":"<div data-elementor-type=\"wp-page\" data-elementor-id=\"1684\" class=\"elementor elementor-1684\">\n\t\t\t\t<div class=\"elementor-element elementor-element-30d2c094 e-flex e-con-boxed e-con e-parent\" data-id=\"30d2c094\" data-element_type=\"container\" data-e-type=\"container\">\n\t\t\t\t\t<div class=\"e-con-inner\">\n\t\t\t\t<div class=\"elementor-element elementor-element-24b54054 elementor-widget elementor-widget-text-editor\" data-id=\"24b54054\" data-element_type=\"widget\" data-e-type=\"widget\" data-widget_type=\"text-editor.default\">\n\t\t\t\t\t\t\t\t\t<p>Prosica GmbH Zuletzt aktualisiert: 26.11.2025<\/p>\n<p><!-- \/wp:paragraph --><\/p>\n<p><!-- wp:heading --><\/p>\n<h2 style=\"border-width: 0px; border-style: initial; font-size: 1.875rem; font-style: normal; font-weight: 600; margin-bottom: 20px; outline: 0px; vertical-align: baseline; clear: none; color: #1e293b; line-height: 1.3em; font-family: -apple-system, 'system-ui', 'Segoe UI', Roboto, Oxygen-Sans, Ubuntu, Cantarell, 'Helvetica Neue', sans-serif; font-variant-ligatures: normal; font-variant-caps: normal; letter-spacing: normal; text-transform: none; text-decoration-thickness: initial; text-decoration-style: initial; text-decoration-color: initial;\">1. Allgemeine Informationen<\/h2>\n<p style=\"border-width: 0px; border-style: initial; font-size: 16px; font-style: normal; font-weight: 400; margin-bottom: 1.6em; outline: 0px; vertical-align: baseline; color: #7a7a7a; font-family: -apple-system, 'system-ui', 'Segoe UI', Roboto, Oxygen-Sans, Ubuntu, Cantarell, 'Helvetica Neue', sans-serif; font-variant-ligatures: normal; font-variant-caps: normal;\"><span style=\"font-weight: bold;\">Name des Unternehmens:<\/span><span style=\"font-weight: bold;\"><br><\/span>Prosica GmbH<\/p>\n<p style=\"border-width: 0px; border-style: initial; font-size: 16px; font-style: normal; font-weight: 400; margin-bottom: 1.6em; outline: 0px; vertical-align: baseline; color: #7a7a7a; font-family: -apple-system, 'system-ui', 'Segoe UI', Roboto, Oxygen-Sans, Ubuntu, Cantarell, 'Helvetica Neue', sans-serif; font-variant-ligatures: normal; font-variant-caps: normal;\"><span style=\"font-weight: bold;\">Rechtsform:<\/span><span style=\"font-weight: bold;\"><br><\/span>Gesellschaft mit beschr\u00e4nkter Haftung (GmbH)<\/p>\n<p style=\"border-width: 0px; border-style: initial; font-size: 16px; font-style: normal; font-weight: 400; margin-bottom: 1.6em; outline: 0px; vertical-align: baseline; color: #7a7a7a; font-family: -apple-system, 'system-ui', 'Segoe UI', Roboto, Oxygen-Sans, Ubuntu, Cantarell, 'Helvetica Neue', sans-serif; font-variant-ligatures: normal; font-variant-caps: normal;\"><span style=\"font-weight: bold;\">Sitz der Gesellschaft:<\/span><span style=\"font-weight: bold;\"><br><\/span>Paulsborner Str. 50a,<br>14193 Berlin, Deutschland<\/p>\n<p style=\"border-width: 0px; border-style: initial; font-size: 16px; font-style: normal; font-weight: 400; margin-bottom: 1.6em; outline: 0px; vertical-align: baseline; color: #7a7a7a; font-family: -apple-system, 'system-ui', 'Segoe UI', Roboto, Oxygen-Sans, Ubuntu, Cantarell, 'Helvetica Neue', sans-serif; font-variant-ligatures: normal; font-variant-caps: normal;\"><span style=\"font-weight: bold;\">Handelsregister:<\/span><span style=\"font-weight: bold;\"><br><\/span>Amtsgericht Berlin-Charlottenburg<br>Handelsregisternummer HRB 280845 B<\/p>\n<p style=\"border-width: 0px; border-style: initial; font-size: 16px; font-style: normal; font-weight: 400; margin-bottom: 1.6em; outline: 0px; vertical-align: baseline; color: #7a7a7a; font-family: -apple-system, 'system-ui', 'Segoe UI', Roboto, Oxygen-Sans, Ubuntu, Cantarell, 'Helvetica Neue', sans-serif; font-variant-ligatures: normal; font-variant-caps: normal;\"><span style=\"font-weight: bold;\">Umsatzsteuer-Identifikationsnummer (USt-IdNr.):<\/span><span style=\"font-weight: bold;\"><br><\/span>Ausstehend<\/p>\n<h2 style=\"border-width: 0px; border-style: initial; font-size: 1.875rem; font-style: normal; font-weight: 600; margin-bottom: 20px; outline: 0px; vertical-align: baseline; clear: none; color: #1e293b; line-height: 1.3em; font-family: -apple-system, 'system-ui', 'Segoe UI', Roboto, Oxygen-Sans, Ubuntu, Cantarell, 'Helvetica Neue', sans-serif; font-variant-ligatures: normal; font-variant-caps: normal; letter-spacing: normal; text-transform: none; text-decoration-thickness: initial; text-decoration-style: initial; text-decoration-color: initial;\">2. Gesch\u00e4ftsf\u00fchrer<\/h2>\n<p style=\"border-width: 0px; border-style: initial; font-size: 16px; font-style: normal; margin-bottom: 1.6em; outline: 0px; vertical-align: baseline; color: #7a7a7a; font-family: -apple-system, 'system-ui', 'Segoe UI', Roboto, Oxygen-Sans, Ubuntu, Cantarell, 'Helvetica Neue', sans-serif; font-variant-ligatures: normal; font-variant-caps: normal;\">Der Gesch\u00e4ftsf\u00fchrer&nbsp;<span style=\"font-weight: bold;\">Prosica GmbH<\/span>&nbsp;ist:<br><b>Lilian Pilvin<\/b><\/p>\n<h2 style=\"border-width: 0px; border-style: initial; font-size: 1.875rem; font-style: normal; font-weight: 600; margin-bottom: 20px; outline: 0px; vertical-align: baseline; clear: none; color: #1e293b; line-height: 1.3em; font-family: -apple-system, 'system-ui', 'Segoe UI', Roboto, Oxygen-Sans, Ubuntu, Cantarell, 'Helvetica Neue', sans-serif; font-variant-ligatures: normal; font-variant-caps: normal; letter-spacing: normal; text-transform: none; text-decoration-thickness: initial; text-decoration-style: initial; text-decoration-color: initial;\">3. Kontaktinformationen<\/h2>\n<ul style=\"border-width: 0px; border-style: initial; font-size: 16px; font-style: normal; font-weight: 400; margin: revert; outline: 0px; vertical-align: baseline; list-style-position: initial; list-style-image: initial; color: #7a7a7a; font-family: -apple-system, 'system-ui', 'Segoe UI', Roboto, Oxygen-Sans, Ubuntu, Cantarell, 'Helvetica Neue', sans-serif; font-variant-ligatures: normal; font-variant-caps: normal; padding: revert revert revert 20px;\">\n<li style=\"border-width: 0px; border-style: initial; font-size: 16px; font-weight: 400; outline: 0px; vertical-align: baseline;\" aria-level=\"1\"><span style=\"font-weight: bold;\">E-Mail:<\/span>&nbsp;info@prosica.de&nbsp;<\/li>\n<\/ul>\n<h2 style=\"border-width: 0px; border-style: initial; font-size: 1.875rem; font-style: normal; font-weight: 600; margin-bottom: 20px; outline: 0px; vertical-align: baseline; clear: none; color: #1e293b; line-height: 1.3em; font-family: -apple-system, 'system-ui', 'Segoe UI', Roboto, Oxygen-Sans, Ubuntu, Cantarell, 'Helvetica Neue', sans-serif; font-variant-ligatures: normal; font-variant-caps: normal; letter-spacing: normal; text-transform: none; text-decoration-thickness: initial; text-decoration-style: initial; text-decoration-color: initial;\">4. Verantwortlich f\u00fcr den Inhalt gem\u00e4\u00df \u00a7 55 RStV<\/h2>\n<p style=\"border-width: 0px; border-style: initial; font-size: 16px; font-style: normal; margin-bottom: 1.6em; outline: 0px; vertical-align: baseline; color: #7a7a7a; font-family: -apple-system, 'system-ui', 'Segoe UI', Roboto, Oxygen-Sans, Ubuntu, Cantarell, 'Helvetica Neue', sans-serif; font-variant-ligatures: normal; font-variant-caps: normal;\">Inhaltlich verantwortlich f\u00fcr diese Website ist:<br><b>Lilian Pilvin<br><\/b><span style=\"font-weight: 400;\">Paulsborner Str. 50a,<br>14193 Berlin, Deutschland<\/span><\/p>\n<h2 style=\"border-width: 0px; border-style: initial; font-size: 1.875rem; font-style: normal; font-weight: 600; margin-bottom: 20px; outline: 0px; vertical-align: baseline; clear: none; color: #1e293b; line-height: 1.3em; font-family: -apple-system, 'system-ui', 'Segoe UI', Roboto, Oxygen-Sans, Ubuntu, Cantarell, 'Helvetica Neue', sans-serif; font-variant-ligatures: normal; font-variant-caps: normal; letter-spacing: normal; text-transform: none; text-decoration-thickness: initial; text-decoration-style: initial; text-decoration-color: initial;\">5. Streitbeilegung und Online-Streitbeilegungsplattform<\/h2>\n<h3 style=\"border-width: 0px; border-style: initial; font-size: 1.5rem; font-style: normal; font-weight: 600; margin-bottom: 20px; outline: 0px; vertical-align: baseline; clear: none; color: #1e293b; line-height: 1.3em; font-family: -apple-system, 'system-ui', 'Segoe UI', Roboto, Oxygen-Sans, Ubuntu, Cantarell, 'Helvetica Neue', sans-serif; font-variant-ligatures: normal; font-variant-caps: normal; letter-spacing: normal; text-transform: none; text-decoration-thickness: initial; text-decoration-style: initial; text-decoration-color: initial;\">5.1. Alternative Streitbeilegung (ADR)<\/h3>\n<p style=\"border-width: 0px; border-style: initial; font-size: 16px; font-style: normal; font-weight: 400; margin-bottom: 1.6em; outline: 0px; vertical-align: baseline; color: #7a7a7a; font-family: -apple-system, 'system-ui', 'Segoe UI', Roboto, Oxygen-Sans, Ubuntu, Cantarell, 'Helvetica Neue', sans-serif; font-variant-ligatures: normal; font-variant-caps: normal;\">Wir sind nicht verpflichtet und nehmen nicht an Streitbeilegungsverfahren vor einer Verbraucherschlichtungsstelle teil.<\/p>\n<h3 style=\"border-width: 0px; border-style: initial; font-size: 1.5rem; font-style: normal; font-weight: 600; margin-bottom: 20px; outline: 0px; vertical-align: baseline; clear: none; color: #1e293b; line-height: 1.3em; font-family: -apple-system, 'system-ui', 'Segoe UI', Roboto, Oxygen-Sans, Ubuntu, Cantarell, 'Helvetica Neue', sans-serif; font-variant-ligatures: normal; font-variant-caps: normal; letter-spacing: normal; text-transform: none; text-decoration-thickness: initial; text-decoration-style: initial; text-decoration-color: initial;\">5.2. Online-Streitbeilegung (OS)<\/h3>\n<p style=\"border-width: 0px; border-style: initial; font-size: 16px; font-style: normal; font-weight: 400; margin-bottom: 1.6em; outline: 0px; vertical-align: baseline; color: #7a7a7a; font-family: -apple-system, 'system-ui', 'Segoe UI', Roboto, Oxygen-Sans, Ubuntu, Cantarell, 'Helvetica Neue', sans-serif; font-variant-ligatures: normal; font-variant-caps: normal;\">Die Europ\u00e4ische Kommission stellt eine Plattform zur Online-Streitbeilegung (OS) zur Verf\u00fcgung, erreichbar unter: https:\/\/ec.europa.eu\/odr.<\/p>\n<p style=\"border-width: 0px; border-style: initial; font-size: 16px; font-style: normal; font-weight: 400; margin-bottom: 1.6em; outline: 0px; vertical-align: baseline; color: #7a7a7a; font-family: -apple-system, 'system-ui', 'Segoe UI', Roboto, Oxygen-Sans, Ubuntu, Cantarell, 'Helvetica Neue', sans-serif; font-variant-ligatures: normal; font-variant-caps: normal;\">Verbraucher k\u00f6nnen diese Plattform nutzen, um Streitigkeiten beizulegen.<\/p>\n<h2 style=\"border-width: 0px; border-style: initial; font-size: 1.875rem; font-style: normal; font-weight: 600; margin-bottom: 20px; outline: 0px; vertical-align: baseline; clear: none; color: #1e293b; line-height: 1.3em; font-family: -apple-system, 'system-ui', 'Segoe UI', Roboto, Oxygen-Sans, Ubuntu, Cantarell, 'Helvetica Neue', sans-serif; font-variant-ligatures: normal; font-variant-caps: normal; letter-spacing: normal; text-transform: none; text-decoration-thickness: initial; text-decoration-style: initial; text-decoration-color: initial;\">6. Haftung f\u00fcr Inhalte<\/h2>\n<p style=\"border-width: 0px; border-style: initial; font-size: 16px; font-style: normal; font-weight: 400; margin-bottom: 1.6em; outline: 0px; vertical-align: baseline; color: #7a7a7a; font-family: -apple-system, 'system-ui', 'Segoe UI', Roboto, Oxygen-Sans, Ubuntu, Cantarell, 'Helvetica Neue', sans-serif; font-variant-ligatures: normal; font-variant-caps: normal;\">Als Diensteanbieter ist Prosica GmbH nach allgemeinen Gesetzen f\u00fcr eigene Inhalte auf dieser Website verantwortlich.<br>Prosica GmbH ist jedoch nicht verpflichtet, Informationen Dritter zu \u00fcberwachen oder Umst\u00e4nde zu untersuchen, die auf eine rechtswidrige T\u00e4tigkeit hindeuten.<br>Verpflichtungen zur Entfernung oder Sperrung von Informationen nach allgemeinen Gesetzen bleiben hiervon unber\u00fchrt. Eine Haftung ist insoweit erst ab dem Zeitpunkt der Kenntnis einer konkreten Rechtsverletzung m\u00f6glich.<\/p>\n<h2 style=\"border-width: 0px; border-style: initial; font-size: 1.875rem; font-style: normal; font-weight: 600; margin-bottom: 20px; outline: 0px; vertical-align: baseline; clear: none; color: #1e293b; line-height: 1.3em; font-family: -apple-system, 'system-ui', 'Segoe UI', Roboto, Oxygen-Sans, Ubuntu, Cantarell, 'Helvetica Neue', sans-serif; font-variant-ligatures: normal; font-variant-caps: normal; letter-spacing: normal; text-transform: none; text-decoration-thickness: initial; text-decoration-style: initial; text-decoration-color: initial;\">7. Haftung f\u00fcr Links<\/h2>\n<p style=\"border-width: 0px; border-style: initial; font-size: 16px; font-style: normal; font-weight: 400; margin-bottom: 1.6em; outline: 0px; vertical-align: baseline; color: #7a7a7a; font-family: -apple-system, 'system-ui', 'Segoe UI', Roboto, Oxygen-Sans, Ubuntu, Cantarell, 'Helvetica Neue', sans-serif; font-variant-ligatures: normal; font-variant-caps: normal;\">Diese Website enth\u00e4lt Links zu externen Websites Dritter. Prosica GmbH hat keinen Einfluss auf die Inhalte dieser externen Websites. Daher kann Prosica GmbH keine Verantwortung f\u00fcr deren Inhalte \u00fcbernehmen.<br>Der jeweilige Anbieter oder Betreiber der verlinkten Seiten ist stets f\u00fcr deren Inhalt verantwortlich. Die verlinkten Seiten wurden zum Zeitpunkt der Verlinkung auf m\u00f6gliche Rechtsverst\u00f6\u00dfe \u00fcberpr\u00fcft. Rechtswidrige Inhalte waren zum Zeitpunkt der Verlinkung nicht erkennbar.<br>Eine st\u00e4ndige inhaltliche Kontrolle der verlinkten Seiten ist jedoch ohne konkrete Anhaltspunkte einer Rechtsverletzung nicht zumutbar. Bei Bekanntwerden von Rechtsverletzungen werden wir derartige Links umgehend entfernen.<\/p>\n<h2 style=\"border-width: 0px; border-style: initial; font-size: 1.875rem; font-style: normal; font-weight: 600; margin-bottom: 20px; outline: 0px; vertical-align: baseline; clear: none; color: #1e293b; line-height: 1.3em; font-family: -apple-system, 'system-ui', 'Segoe UI', Roboto, Oxygen-Sans, Ubuntu, Cantarell, 'Helvetica Neue', sans-serif; font-variant-ligatures: normal; font-variant-caps: normal; letter-spacing: normal; text-transform: none; text-decoration-thickness: initial; text-decoration-style: initial; text-decoration-color: initial;\">8. Urheber- und Markenrechtsschutz<\/h2>\n<p style=\"border-width: 0px; border-style: initial; font-size: 16px; font-style: normal; font-weight: 400; margin-bottom: 1.6em; outline: 0px; vertical-align: baseline; color: #7a7a7a; font-family: -apple-system, 'system-ui', 'Segoe UI', Roboto, Oxygen-Sans, Ubuntu, Cantarell, 'Helvetica Neue', sans-serif; font-variant-ligatures: normal; font-variant-caps: normal;\">Die auf dieser Website bereitgestellten Inhalte und Werke unterliegen&nbsp;<span style=\"font-weight: bold;\">Deutsches Urheberrecht<\/span>. Alle Rechte, einschlie\u00dflich Reproduktion, Verbreitung und \u00c4nderung, sind vorbehalten, sofern nicht anders angegeben.<br>Die Nutzung von Bildern, Texten und anderen Materialien auf dieser Website bedarf der vorherigen schriftlichen Zustimmung der Prosica GmbH oder der jeweiligen Rechteinhaber.<\/p>\n<h2 style=\"border-width: 0px; border-style: initial; font-size: 1.875rem; font-style: normal; font-weight: 600; margin-bottom: 20px; outline: 0px; vertical-align: baseline; clear: none; color: #1e293b; line-height: 1.3em; font-family: -apple-system, 'system-ui', 'Segoe UI', Roboto, Oxygen-Sans, Ubuntu, Cantarell, 'Helvetica Neue', sans-serif; font-variant-ligatures: normal; font-variant-caps: normal; letter-spacing: normal; text-transform: none; text-decoration-thickness: initial; text-decoration-style: initial; text-decoration-color: initial;\">9. Haftungsausschluss f\u00fcr Informationen auf der Website<\/h2>\n<p style=\"border-width: 0px; border-style: initial; font-size: 16px; font-style: normal; font-weight: 400; margin-bottom: 1.6em; outline: 0px; vertical-align: baseline; color: #7a7a7a; font-family: -apple-system, 'system-ui', 'Segoe UI', Roboto, Oxygen-Sans, Ubuntu, Cantarell, 'Helvetica Neue', sans-serif; font-variant-ligatures: normal; font-variant-caps: normal;\">Die Prosica GmbH bem\u00fcht sich, die auf dieser Website zur Verf\u00fcgung gestellten Informationen korrekt und aktuell zu halten. Es wird jedoch keine Garantie daf\u00fcr \u00fcbernommen, dass die Informationen vollst\u00e4ndig, richtig oder aktuell sind.<br>Die Prosica GmbH beh\u00e4lt sich das Recht vor, Teile dieser Website ohne vorherige Ank\u00fcndigung zu \u00e4ndern, zu aktualisieren oder zu l\u00f6schen.<\/p>\n<h2 style=\"border-width: 0px; border-style: initial; font-size: 1.875rem; font-style: normal; font-weight: 600; margin-bottom: 20px; outline: 0px; vertical-align: baseline; clear: none; color: #1e293b; line-height: 1.3em; font-family: -apple-system, 'system-ui', 'Segoe UI', Roboto, Oxygen-Sans, Ubuntu, Cantarell, 'Helvetica Neue', sans-serif; font-variant-ligatures: normal; font-variant-caps: normal; letter-spacing: normal; text-transform: none; text-decoration-thickness: initial; text-decoration-style: initial; text-decoration-color: initial;\">10. Geltendes Recht<\/h2>\n<p style=\"border-width: 0px; border-style: initial; font-size: 16px; font-style: normal; font-weight: 400; margin-bottom: 1.6em; outline: 0px; vertical-align: baseline; color: #7a7a7a; font-family: -apple-system, 'system-ui', 'Segoe UI', Roboto, Oxygen-Sans, Ubuntu, Cantarell, 'Helvetica Neue', sans-serif; font-variant-ligatures: normal; font-variant-caps: normal;\">Dieser Haftungsausschluss (Impressum) und alle Rechtsbeziehungen, die sich aus der Nutzung dieser Website ergeben, unterliegen dem Recht der&nbsp;<span style=\"font-weight: bold;\">Bundesrepublik Deutschland<\/span>, ausgenommen das internationale Privatrecht.<\/p>\n<h2 style=\"border-width: 0px; border-style: initial; font-size: 1.875rem; font-style: normal; font-weight: 600; margin-bottom: 20px; outline: 0px; vertical-align: baseline; clear: none; color: #1e293b; line-height: 1.3em; font-family: -apple-system, 'system-ui', 'Segoe UI', Roboto, Oxygen-Sans, Ubuntu, Cantarell, 'Helvetica Neue', sans-serif; font-variant-ligatures: normal; font-variant-caps: normal; letter-spacing: normal; text-transform: none; text-decoration-thickness: initial; text-decoration-style: initial; text-decoration-color: initial;\">11. Kontakt<\/h2>\n<p style=\"border-width: 0px; border-style: initial; font-size: 16px; font-style: normal; font-weight: 400; margin-bottom: 1.6em; outline: 0px; vertical-align: baseline; color: #7a7a7a; font-family: -apple-system, 'system-ui', 'Segoe UI', Roboto, Oxygen-Sans, Ubuntu, Cantarell, 'Helvetica Neue', sans-serif; font-variant-ligatures: normal; font-variant-caps: normal;\">Bei Fragen zu diesem Haftungsausschluss oder den Inhalten dieser Website wenden Sie sich bitte an uns:<br><span style=\"font-weight: bold;\">Prosica GmbH<\/span><span style=\"font-weight: bold;\"><br><\/span>Paulsborner Str. 50a,<br>14193 Berlin, Deutschland<br>E-Mail: info@prosica.de<\/p>\n<p><!-- \/wp:paragraph --><\/p>\t\t\t\t\t\t\t\t<\/div>\n\t\t\t\t\t<\/div>\n\t\t\t\t<\/div>\n\t\t\t\t<\/div>","protected":false},"excerpt":{"rendered":"<p>Prosica GmbH Last updated: 26\/11\/2025 1. General Information Name of the company:Prosica GmbH Legal form:Limited Liability Company (Gesellschaft mit beschr\u00e4nkter Haftung, GmbH) Registered office:Paulsborner Str. 50a,14193 Berlin, Germany Commercial Register:Berlin-Charlottenburg District Court (Amtsgericht Berlin-Charlottenburg)Commercial Register No. HRB 280845 B VAT Identification Number (USt-IdNr.):Pending 2. Managing Director (Gesch\u00e4ftsf\u00fchrer) The managing director of&nbsp;Prosica GmbH&nbsp;is:Lilian Pilvin 3. Contact [&hellip;]<\/p>\n","protected":false},"author":1,"featured_media":0,"parent":0,"menu_order":0,"comment_status":"closed","ping_status":"closed","template":"","meta":{"footnotes":""},"class_list":["post-1684","page","type-page","status-publish","hentry"],"blocksy_meta":[],"_links":{"self":[{"href":"https:\/\/prosica.de\/de\/wp-json\/wp\/v2\/pages\/1684","targetHints":{"allow":["GET"]}}],"collection":[{"href":"https:\/\/prosica.de\/de\/wp-json\/wp\/v2\/pages"}],"about":[{"href":"https:\/\/prosica.de\/de\/wp-json\/wp\/v2\/types\/page"}],"author":[{"embeddable":true,"href":"https:\/\/prosica.de\/de\/wp-json\/wp\/v2\/users\/1"}],"replies":[{"embeddable":true,"href":"https:\/\/prosica.de\/de\/wp-json\/wp\/v2\/comments?post=1684"}],"version-history":[{"count":14,"href":"https:\/\/prosica.de\/de\/wp-json\/wp\/v2\/pages\/1684\/revisions"}],"predecessor-version":[{"id":1915,"href":"https:\/\/prosica.de\/de\/wp-json\/wp\/v2\/pages\/1684\/revisions\/1915"}],"wp:attachment":[{"href":"https:\/\/prosica.de\/de\/wp-json\/wp\/v2\/media?parent=1684"}],"curies":[{"name":"wp","href":"https:\/\/api.w.org\/{rel}","templated":true}]}}